{"id":3,"date":"2021-07-15T11:04:37","date_gmt":"2021-07-15T11:04:37","guid":{"rendered":"https:\/\/clinicasantaanna.es\/?page_id=3"},"modified":"2023-07-29T23:42:04","modified_gmt":"2023-07-29T21:42:04","slug":"politicas-privacidad","status":"publish","type":"page","link":"https:\/\/clinicasantaanna.es\/cat\/politiques-privadesa\/","title":{"rendered":"Pol\u00edtiques de privadesa"},"content":{"rendered":"<ol class=\"wp-block-list\">\n<li><strong>Qui \u00e9s el responsable del Tractament de les vostres Dades Personals?<\/strong><br>Denominaci\u00f3: INSTITUT ODONTOLOGIC SANTA ANNA<br>Adre\u00e7a: Av. de la Rep\u00fablica Argentina, 271, 08023 Barcelona<br>Tel\u00e8fon de contacte: 93 212 48 64<br>Correu electr\u00f2nic: dentalsantaanna@gmail.com<\/li>\n\n\n\n<li><strong>Qui \u00e9s i qu\u00e8 fa el Delegat de Protecci\u00f3 de Dades?<\/strong><br>El Delegat de Protecci\u00f3 de Dades \u00e9s el responsable de vetllar amb dilig\u00e8ncia<br>pel compliment de la normativa de protecci\u00f3 de dades; pots posar a<br>contacte al seg\u00fcent correu electr\u00f2nic: dpd@utpr.es<\/li>\n\n\n\n<li><strong>Principis que aplicarem a la teva informaci\u00f3 personal<\/strong><br>En el tractament de les teves dades personals, aplicarem els principis seg\u00fcents<br>que s&#039;ajusten a les exig\u00e8ncies del nou reglament europeu de protecci\u00f3<br>de dades. \uf0a7 Principi de licitud, lleialtat i transpar\u00e8ncia: Sempre requerirem el teu<br>consentiment per al tractament de les teves dades personals per a un o<br>diverses finalitats espec\u00edfiques que t&#039;informarem pr\u00e8viament amb absoluta<br>transpar\u00e8ncia. \uf0a7 Principi de minimitzaci\u00f3 de dades: Nom\u00e9s sol\u00b7licitarem les dades<br>estrictament necessaris en relaci\u00f3 amb els fins per als quals els<br>requerim. \uf0a7 Principi de limitaci\u00f3 el termini de conservaci\u00f3: Les dades seran mantingudes<br>a la nostra base de dades durant no m\u00e9s temps del necessari per als<br>fins del tractament, en funci\u00f3 de la finalitat, t&#039;informarem del termini de<br>conservaci\u00f3 corresponent en tot cas. \uf0a7 Principi d&#039;integritat i confidencialitat: Les teves dades seran tractades de tal manera<br>manera que es garanteixi una seguretat adequada de les dades personals i<br>es garanteixi confidencialitat. \uf0a7 Has de saber que prenem totes les precaucions necess\u00e0ries per evitar el<br>acc\u00e9s no autoritzat o \u00fas indegut de les dades dels nostres usuaris per<br>part de tercers.<\/li>\n\n\n\n<li><strong>Com hem obtingut les dades?<\/strong><br>La base legal per al tractament de les teves dades \u00e9s el consentiment lliure,<br>espec\u00edfic, informat i inequ\u00edvoc, amb la finalitat de lexecuci\u00f3 del contracte<br>de prestaci\u00f3 de serveis dentals formalitzat per l&#039;acceptaci\u00f3 de<br>pressupost, o si \u00e9s el cas, lelaboraci\u00f3 de pressupost previ.<br>Excepcionalment, i sempre amb el consentiment previ, es podrien haver<br>obtingut per altres mitjans.<\/li>\n\n\n\n<li><strong>Quines dades personals tractem<\/strong>:<\/li>\n<\/ol>\n\n\n\n<p>Les dades personals que tractem, per a les leg\u00edtimes finalitats que et<br>expliquem al punt 6., i en funci\u00f3 dels serveis, poden ser:<\/p>\n\n\n\n<ul class=\"wp-block-list\" start=\"6\">\n<li>Noms i cognoms<\/li>\n\n\n\n<li>Adre\u00e7a postal<\/li>\n\n\n\n<li>NIF<\/li>\n\n\n\n<li>Tel\u00e8fon<\/li>\n\n\n\n<li>Correu electr\u00f2nic<\/li>\n\n\n\n<li>Radiografies dentals (periapical, aleta\/mossegada, cefalometria o<\/li>\n\n\n\n<li>telerradiografia, tac dental, ortopantomografia) \uf0a7 Dades de salut obtingudes de converses amb tu<\/li>\n\n\n\n<li>Dades relatives a lasseguran\u00e7a m\u00e8dica.<\/li>\n<\/ul>\n\n\n\n<ol class=\"wp-block-list\" start=\"6\">\n<li><strong>Amb quin objectiu tractem les teves dades personals<\/strong><br>Tractem les vostres dades personals amb la finalitat primordial de recollir les vostres dades<br>de salut per tal de facilitar-te la millor assist\u00e8ncia sanit\u00e0ria, deixant<br>const\u00e0ncia de totes aquelles dades que, sota criteri m\u00e8dic, permetin el<br>coneixement vera\u00e7 i actualitzat del teu estat de salut i que tinguin<br>rellev\u00e0ncia per al tractament m\u00e8dic a realitzar.<br>Aix\u00ed mateix, tamb\u00e9 tractem les teves dades personals per gestionar tots els<br>serveis addicionals relacionats amb l&#039;assist\u00e8ncia sanit\u00e0ria (laboratoris de<br>an\u00e0lisis, prot\u00e8tiques), la relaci\u00f3 amb la seva entitat asseguradora o m\u00fatua, i per a la<br>gesti\u00f3 comptable i fiscal, en particular, la facturaci\u00f3 dels serveis prestats.<br>Aix\u00ed mateix, sempre que pr\u00e8viament tinguem el seu consentiment per a la<br>gesti\u00f3 i desenvolupament d&#039;activitats de m\u00e0rqueting i l&#039;enviament de comunicacions<br>comercials per mitjans electr\u00f2nics.<\/li>\n\n\n\n<li><strong>Quan i perqu\u00e8 motiu podem facilitar les teves dades a terceres persones.<\/strong><br>Les teves dades personals podran ser cedides als seg\u00fcents destinataris pels<br>motius que s&#039;indiquen, <\/li>\n<\/ol>\n\n\n\n<ul class=\"wp-block-list\">\n<li>Administracions p\u00fabliques: per al compliment de les obligacions<\/li>\n\n\n\n<li>legals a qu\u00e8 estem subjectes per la nostra activitat. \uf0a7 M\u00fatues i Companyies d&#039;assegurances: en cas que accedisques als nostres<\/li>\n\n\n\n<li>serveis a trav\u00e9s d&#039;una asseguran\u00e7a m\u00e8dica i amb l&#039;\u00fanica finalitat de poder<\/li>\n\n\n\n<li>gestionar la gesti\u00f3 i el cobrament dels serveis prestats. \uf0a7 Laboratoris d&#039;an\u00e0lisi, prot\u00e8tics dentals i similars: amb l&#039;\u00fanica<\/li>\n\n\n\n<li>finalitat de donar-te el tractament contractat. \uf0a7 Professionals sanitaris, col\u00b7laboradors de la cl\u00ednica: amb l&#039;\u00fanica<\/li>\n\n\n\n<li>finalitat de poder dur a terme el tractament contractat. En tot cas,<\/li>\n\n\n\n<li>les dades no surten mai de la cl\u00ednica. \uf0a7 Gestoria fiscal i comptable: amb l&#039;\u00fanica finalitat de gestionar la nostra<\/li>\n\n\n\n<li>comptabilitat (emetre factura, presentaci\u00f3 de declaracions fiscals,<\/li>\n\n\n\n<li>obligacions mercantils\u2026.)<\/li>\n<\/ul>\n\n\n\n<ol class=\"wp-block-list\" start=\"8\">\n<li><strong>Transfer\u00e8ncies internacionals dades<\/strong><br>En cap cas transferim les teves dades personals a cap persona o entitat<br>ni dins ni fora de la CEE.<\/li>\n\n\n\n<li><strong>Quant temps guardem les teves dades personals<\/strong><br><strong>Historial Cl\u00ednic:<\/strong> els terminis legalment establerts per a aquest tipus de<br>document que en aquests moments estan establerts en 15 anys.<br><strong>Altres dades personals<\/strong> (noms i cognoms, adre\u00e7a postal, NIF): els terminis<br>legalment establerts per la legislaci\u00f3 fiscal i mercantil<\/li>\n\n\n\n<li><strong>Quins s\u00f3n els teus drets?<\/strong><br>Qualsevol persona t\u00e9 dret a obtenir confirmaci\u00f3 sobre si estem<br>tractant dades personals que li concerneixin o no.<br>Les persones interessades tenen dret a<\/li>\n<\/ol>\n\n\n\n<ul class=\"wp-block-list\">\n<li>Sol\u00b7licitar l&#039;acc\u00e9s a les dades personals relatives a la persona interessada. <\/li>\n\n\n\n<li>Sol\u00b7licitar-ne la rectificaci\u00f3 o supressi\u00f3. <\/li>\n\n\n\n<li>Sol\u00b7licitar la limitaci\u00f3 del tractament<\/li>\n\n\n\n<li>Oposar-se al tractament. <\/li>\n\n\n\n<li>Sol\u00b7licitar la portabilitat de les dades.<\/li>\n<\/ul>\n\n\n\n<p>Tenim a la teva disposici\u00f3 els models corresponents perqu\u00e8 puguis<br>exercir els teus drets.<br>Els interessats podran accedir a les seves dades personals, aix\u00ed com a sol\u00b7licitar la<br>rectificaci\u00f3 de les dades inexactes o, si escau, sol\u00b7licitar la seva supressi\u00f3 quan,<br>entre altres motius, les dades ja no siguin necess\u00e0ries per als fins que van ser<br>recollits.<br>En determinades circumst\u00e0ncies, els interessats podran sol\u00b7licitar la limitaci\u00f3<br>del tractament de les seves dades, cas en qu\u00e8 \u00fanicament es conservaran per al<br>exercici o la defensa de reclamacions.<br>En determinades circumst\u00e0ncies i per motius relacionats amb la seva situaci\u00f3<br>particular, els interessats podran oposar-se al tractament de les dades.<br>Els interessats tamb\u00e9 tindran dret a la tutela judicial efectiva ja<br>presentar una reclamaci\u00f3 davant de l&#039;autoritat de control, en aquest cas, la<br>Ag\u00e8ncia Espanyola de Protecci\u00f3 de Dades, si consideren que el tractament de<br>dades personals que li concerneixen infringeix el Reglament Europeu de<br>Protecci\u00f3 de dades.<\/p>","protected":false},"excerpt":{"rendered":"<p>Los datos personales que tratamos, para las leg\u00edtimas finalidades que teexplicamos en el punto 6., y en funci\u00f3n de los servicios, pueden ser: Tenemos a tu disposici\u00f3n los modelos correspondientes para que puedasejercer tus derechos.Los interesados podr\u00e1n acceder a sus datos personales, as\u00ed como a solicitar larectificaci\u00f3n de los datos inexactos o, en su caso, [&hellip;]<\/p>\n","protected":false},"author":1,"featured_media":862,"parent":0,"menu_order":0,"comment_status":"closed","ping_status":"open","template":"","meta":{"site-sidebar-layout":"default","site-content-layout":"default","ast-site-content-layout":"default","site-content-style":"default","site-sidebar-style":"default","ast-global-header-display":"","ast-banner-title-visibility":"","ast-main-header-display":"","ast-hfb-above-header-display":"","ast-hfb-below-header-display":"","ast-hfb-mobile-header-display":"","site-post-title":"","ast-breadcrumbs-content":"","ast-featured-img":"","footer-sml-layout":"","ast-disable-related-posts":"","theme-transparent-header-meta":"default","adv-header-id-meta":"","stick-header-meta":"","header-above-stick-meta":"","header-main-stick-meta":"","header-below-stick-meta":"","astra-migrate-meta-layouts":"default","ast-page-background-enabled":"default","ast-page-background-meta":{"desktop":{"background-color":"","background-image":"","background-repeat":"repeat","background-position":"center center","background-size":"auto","background-attachment":"scroll","background-type":"","background-media":"","overlay-type":"","overlay-color":"","overlay-opacity":"","overlay-gradient":""},"tablet":{"background-color":"","background-image":"","background-repeat":"repeat","background-position":"center center","background-size":"auto","background-attachment":"scroll","background-type":"","background-media":"","overlay-type":"","overlay-color":"","overlay-opacity":"","overlay-gradient":""},"mobile":{"background-color":"","background-image":"","background-repeat":"repeat","background-position":"center center","background-size":"auto","background-attachment":"scroll","background-type":"","background-media":"","overlay-type":"","overlay-color":"","overlay-opacity":"","overlay-gradient":""}},"ast-content-background-meta":{"desktop":{"background-color":"var(--ast-global-color-5)","background-image":"","background-repeat":"repeat","background-position":"center center","background-size":"auto","background-attachment":"scroll","background-type":"","background-media":"","overlay-type":"","overlay-color":"","overlay-opacity":"","overlay-gradient":""},"tablet":{"background-color":"var(--ast-global-color-5)","background-image":"","background-repeat":"repeat","background-position":"center center","background-size":"auto","background-attachment":"scroll","background-type":"","background-media":"","overlay-type":"","overlay-color":"","overlay-opacity":"","overlay-gradient":""},"mobile":{"background-color":"var(--ast-global-color-5)","background-image":"","background-repeat":"repeat","background-position":"center center","background-size":"auto","background-attachment":"scroll","background-type":"","background-media":"","overlay-type":"","overlay-color":"","overlay-opacity":"","overlay-gradient":""}},"_joinchat":[],"footnotes":""},"class_list":["post-3","page","type-page","status-publish","has-post-thumbnail","hentry"],"yoast_head":"<!-- This site is optimized with the Yoast SEO plugin v26.9 - https:\/\/yoast.com\/product\/yoast-seo-wordpress\/ -->\n<title>Cl\u00ednica Dental Santa Anna | Cl\u00ednica Dental en Barcelona \u2705<\/title>\n<meta name=\"description\" content=\"Tu Cl\u00ednica dental en Barcelona| Politicas de privacidad | Primer consulta gratuita, incluye examen cl\u00ednico y radiogr\u00e1fico.\" \/>\n<meta name=\"robots\" content=\"index, follow, max-snippet:-1, max-image-preview:large, max-video-preview:-1\" \/>\n<link rel=\"canonical\" href=\"https:\/\/clinicasantaanna.es\/cat\/politiques-privadesa\/\" \/>\n<meta property=\"og:locale\" content=\"ca_ES\" \/>\n<meta property=\"og:type\" content=\"article\" \/>\n<meta property=\"og:title\" content=\"Cl\u00ednica Dental Santa Anna | Cl\u00ednica Dental en Barcelona \u2705\" \/>\n<meta property=\"og:description\" content=\"Tu Cl\u00ednica dental en Barcelona| Politicas de privacidad | Primer consulta gratuita, incluye examen cl\u00ednico y radiogr\u00e1fico.\" \/>\n<meta property=\"og:url\" content=\"https:\/\/clinicasantaanna.es\/cat\/politiques-privadesa\/\" \/>\n<meta property=\"og:site_name\" content=\"Cl\u00ednica Dental Santa Anna\" \/>\n<meta property=\"article:publisher\" content=\"https:\/\/www.facebook.com\/santaannaclinicadental\" \/>\n<meta property=\"article:modified_time\" content=\"2023-07-29T21:42:04+00:00\" \/>\n<meta property=\"og:image\" content=\"https:\/\/clinicasantaanna.es\/wp-content\/uploads\/2021\/07\/LOGOClinicaDentalSantaAnna.png\" \/>\n\t<meta property=\"og:image:width\" content=\"1920\" \/>\n\t<meta property=\"og:image:height\" content=\"1080\" \/>\n\t<meta property=\"og:image:type\" content=\"image\/png\" \/>\n<meta name=\"twitter:card\" content=\"summary_large_image\" \/>\n<meta name=\"twitter:label1\" content=\"Temps estimat de lectura\" \/>\n\t<meta name=\"twitter:data1\" content=\"5 minuts\" \/>\n<script type=\"application\/ld+json\" class=\"yoast-schema-graph\">{\"@context\":\"https:\/\/schema.org\",\"@graph\":[{\"@type\":\"WebPage\",\"@id\":\"https:\/\/clinicasantaanna.es\/politicas-privacidad\/\",\"url\":\"https:\/\/clinicasantaanna.es\/politicas-privacidad\/\",\"name\":\"Cl\u00ednica Dental Santa Anna | Cl\u00ednica Dental en Barcelona \u2705\",\"isPartOf\":{\"@id\":\"https:\/\/clinicasantaanna.es\/#website\"},\"primaryImageOfPage\":{\"@id\":\"https:\/\/clinicasantaanna.es\/politicas-privacidad\/#primaryimage\"},\"image\":{\"@id\":\"https:\/\/clinicasantaanna.es\/politicas-privacidad\/#primaryimage\"},\"thumbnailUrl\":\"https:\/\/clinicasantaanna.es\/wp-content\/uploads\/2021\/07\/LOGOClinicaDentalSantaAnna.png\",\"datePublished\":\"2021-07-15T11:04:37+00:00\",\"dateModified\":\"2023-07-29T21:42:04+00:00\",\"description\":\"Tu Cl\u00ednica dental en Barcelona| Politicas de privacidad | Primer consulta gratuita, incluye examen cl\u00ednico y radiogr\u00e1fico.\",\"breadcrumb\":{\"@id\":\"https:\/\/clinicasantaanna.es\/politicas-privacidad\/#breadcrumb\"},\"inLanguage\":\"ca\",\"potentialAction\":[{\"@type\":\"ReadAction\",\"target\":[\"https:\/\/clinicasantaanna.es\/politicas-privacidad\/\"]}]},{\"@type\":\"ImageObject\",\"inLanguage\":\"ca\",\"@id\":\"https:\/\/clinicasantaanna.es\/politicas-privacidad\/#primaryimage\",\"url\":\"https:\/\/clinicasantaanna.es\/wp-content\/uploads\/2021\/07\/LOGOClinicaDentalSantaAnna.png\",\"contentUrl\":\"https:\/\/clinicasantaanna.es\/wp-content\/uploads\/2021\/07\/LOGOClinicaDentalSantaAnna.png\",\"width\":1920,\"height\":1080,\"caption\":\"logofondoblanco\"},{\"@type\":\"BreadcrumbList\",\"@id\":\"https:\/\/clinicasantaanna.es\/politicas-privacidad\/#breadcrumb\",\"itemListElement\":[{\"@type\":\"ListItem\",\"position\":1,\"name\":\"Portada\",\"item\":\"https:\/\/clinicasantaanna.es\/\"},{\"@type\":\"ListItem\",\"position\":2,\"name\":\"Pol\u00edticas de privacidad\"}]},{\"@type\":\"WebSite\",\"@id\":\"https:\/\/clinicasantaanna.es\/#website\",\"url\":\"https:\/\/clinicasantaanna.es\/\",\"name\":\"Cl\u00ednica dental Santa Anna\",\"description\":\"Cl\u00ednica dental en Barcelona\",\"publisher\":{\"@id\":\"https:\/\/clinicasantaanna.es\/#organization\"},\"potentialAction\":[{\"@type\":\"SearchAction\",\"target\":{\"@type\":\"EntryPoint\",\"urlTemplate\":\"https:\/\/clinicasantaanna.es\/?s={search_term_string}\"},\"query-input\":{\"@type\":\"PropertyValueSpecification\",\"valueRequired\":true,\"valueName\":\"search_term_string\"}}],\"inLanguage\":\"ca\"},{\"@type\":\"Organization\",\"@id\":\"https:\/\/clinicasantaanna.es\/#organization\",\"name\":\"Cl\u00ednica Dental Santa Anna\",\"url\":\"https:\/\/clinicasantaanna.es\/\",\"logo\":{\"@type\":\"ImageObject\",\"inLanguage\":\"ca\",\"@id\":\"https:\/\/clinicasantaanna.es\/#\/schema\/logo\/image\/\",\"url\":\"https:\/\/clinicasantaanna.es\/wp-content\/uploads\/2021\/07\/favicon.png\",\"contentUrl\":\"https:\/\/clinicasantaanna.es\/wp-content\/uploads\/2021\/07\/favicon.png\",\"width\":512,\"height\":512,\"caption\":\"Cl\u00ednica Dental Santa Anna\"},\"image\":{\"@id\":\"https:\/\/clinicasantaanna.es\/#\/schema\/logo\/image\/\"},\"sameAs\":[\"https:\/\/www.facebook.com\/santaannaclinicadental\",\"https:\/\/www.instagram.com\/dentalsantaanna\/\"]}]}<\/script>\n<!-- \/ Yoast SEO plugin. -->","yoast_head_json":{"title":"Cl\u00ednica Dental Santa Anna | Cl\u00ednica Dental a Barcelona \u2705","description":"La teva Cl\u00ednica dental a Barcelona| Politiques de privadesa | Primer consulta gratu\u00efta, inclou examen cl\u00ednic i radiogr\u00e0fic.","robots":{"index":"index","follow":"follow","max-snippet":"max-snippet:-1","max-image-preview":"max-image-preview:large","max-video-preview":"max-video-preview:-1"},"canonical":"https:\/\/clinicasantaanna.es\/cat\/politiques-privadesa\/","og_locale":"ca_ES","og_type":"article","og_title":"Cl\u00ednica Dental Santa Anna | Cl\u00ednica Dental en Barcelona \u2705","og_description":"Tu Cl\u00ednica dental en Barcelona| Politicas de privacidad | Primer consulta gratuita, incluye examen cl\u00ednico y radiogr\u00e1fico.","og_url":"https:\/\/clinicasantaanna.es\/cat\/politiques-privadesa\/","og_site_name":"Cl\u00ednica Dental Santa Anna","article_publisher":"https:\/\/www.facebook.com\/santaannaclinicadental","article_modified_time":"2023-07-29T21:42:04+00:00","og_image":[{"width":1920,"height":1080,"url":"https:\/\/clinicasantaanna.es\/wp-content\/uploads\/2021\/07\/LOGOClinicaDentalSantaAnna.png","type":"image\/png"}],"twitter_card":"summary_large_image","twitter_misc":{"Temps estimat de lectura":"5 minuts"},"schema":{"@context":"https:\/\/schema.org","@graph":[{"@type":"WebPage","@id":"https:\/\/clinicasantaanna.es\/politicas-privacidad\/","url":"https:\/\/clinicasantaanna.es\/politicas-privacidad\/","name":"Cl\u00ednica Dental Santa Anna | Cl\u00ednica Dental a Barcelona \u2705","isPartOf":{"@id":"https:\/\/clinicasantaanna.es\/#website"},"primaryImageOfPage":{"@id":"https:\/\/clinicasantaanna.es\/politicas-privacidad\/#primaryimage"},"image":{"@id":"https:\/\/clinicasantaanna.es\/politicas-privacidad\/#primaryimage"},"thumbnailUrl":"https:\/\/clinicasantaanna.es\/wp-content\/uploads\/2021\/07\/LOGOClinicaDentalSantaAnna.png","datePublished":"2021-07-15T11:04:37+00:00","dateModified":"2023-07-29T21:42:04+00:00","description":"La teva Cl\u00ednica dental a Barcelona| Politiques de privadesa | Primer consulta gratu\u00efta, inclou examen cl\u00ednic i radiogr\u00e0fic.","breadcrumb":{"@id":"https:\/\/clinicasantaanna.es\/politicas-privacidad\/#breadcrumb"},"inLanguage":"ca","potentialAction":[{"@type":"ReadAction","target":["https:\/\/clinicasantaanna.es\/politicas-privacidad\/"]}]},{"@type":"ImageObject","inLanguage":"ca","@id":"https:\/\/clinicasantaanna.es\/politicas-privacidad\/#primaryimage","url":"https:\/\/clinicasantaanna.es\/wp-content\/uploads\/2021\/07\/LOGOClinicaDentalSantaAnna.png","contentUrl":"https:\/\/clinicasantaanna.es\/wp-content\/uploads\/2021\/07\/LOGOClinicaDentalSantaAnna.png","width":1920,"height":1080,"caption":"logofondoblanco"},{"@type":"BreadcrumbList","@id":"https:\/\/clinicasantaanna.es\/politicas-privacidad\/#breadcrumb","itemListElement":[{"@type":"ListItem","position":1,"name":"Portada","item":"https:\/\/clinicasantaanna.es\/"},{"@type":"ListItem","position":2,"name":"Pol\u00edticas de privacidad"}]},{"@type":"WebSite","@id":"https:\/\/clinicasantaanna.es\/#website","url":"https:\/\/clinicasantaanna.es\/","name":"Cl\u00ednica dental Santa Anna","description":"Cl\u00ednica dental a Barcelona","publisher":{"@id":"https:\/\/clinicasantaanna.es\/#organization"},"potentialAction":[{"@type":"SearchAction","target":{"@type":"EntryPoint","urlTemplate":"https:\/\/clinicasantaanna.es\/?s={search_term_string}"},"query-input":{"@type":"PropertyValueSpecification","valueRequired":true,"valueName":"search_term_string"}}],"inLanguage":"ca"},{"@type":"Organization","@id":"https:\/\/clinicasantaanna.es\/#organization","name":"Cl\u00ednica Dental Santa Anna","url":"https:\/\/clinicasantaanna.es\/","logo":{"@type":"ImageObject","inLanguage":"ca","@id":"https:\/\/clinicasantaanna.es\/#\/schema\/logo\/image\/","url":"https:\/\/clinicasantaanna.es\/wp-content\/uploads\/2021\/07\/favicon.png","contentUrl":"https:\/\/clinicasantaanna.es\/wp-content\/uploads\/2021\/07\/favicon.png","width":512,"height":512,"caption":"Cl\u00ednica Dental Santa Anna"},"image":{"@id":"https:\/\/clinicasantaanna.es\/#\/schema\/logo\/image\/"},"sameAs":["https:\/\/www.facebook.com\/santaannaclinicadental","https:\/\/www.instagram.com\/dentalsantaanna\/"]}]}},"_links":{"self":[{"href":"https:\/\/clinicasantaanna.es\/cat\/wp-json\/wp\/v2\/pages\/3","targetHints":{"allow":["GET"]}}],"collection":[{"href":"https:\/\/clinicasantaanna.es\/cat\/wp-json\/wp\/v2\/pages"}],"about":[{"href":"https:\/\/clinicasantaanna.es\/cat\/wp-json\/wp\/v2\/types\/page"}],"author":[{"embeddable":true,"href":"https:\/\/clinicasantaanna.es\/cat\/wp-json\/wp\/v2\/users\/1"}],"replies":[{"embeddable":true,"href":"https:\/\/clinicasantaanna.es\/cat\/wp-json\/wp\/v2\/comments?post=3"}],"version-history":[{"count":7,"href":"https:\/\/clinicasantaanna.es\/cat\/wp-json\/wp\/v2\/pages\/3\/revisions"}],"predecessor-version":[{"id":1715,"href":"https:\/\/clinicasantaanna.es\/cat\/wp-json\/wp\/v2\/pages\/3\/revisions\/1715"}],"wp:featuredmedia":[{"embeddable":true,"href":"https:\/\/clinicasantaanna.es\/cat\/wp-json\/wp\/v2\/media\/862"}],"wp:attachment":[{"href":"https:\/\/clinicasantaanna.es\/cat\/wp-json\/wp\/v2\/media?parent=3"}],"curies":[{"name":"wp","href":"https:\/\/api.w.org\/{rel}","templated":true}]}}